{"id":855,"date":"2020-10-09T15:06:32","date_gmt":"2020-10-09T13:06:32","guid":{"rendered":"http:\/\/www.shozoshimamoto.org\/?page_id=855"},"modified":"2022-03-21T10:19:04","modified_gmt":"2022-03-21T09:19:04","slug":"bibliography","status":"publish","type":"page","link":"https:\/\/www.shozoshimamoto.org\/en\/bibliography\/","title":{"rendered":"Bibliography"},"content":{"rendered":"<p><img loading=\"lazy\" decoding=\"async\" class=\"aligncenter wp-image-2249 size-large\" src=\"https:\/\/www.shozoshimamoto.org\/wp-content\/uploads\/2021\/01\/1962-e1611940377135-840x1024.jpg\" alt=\"\" width=\"840\" height=\"1024\" srcset=\"https:\/\/www.shozoshimamoto.org\/wp-content\/uploads\/2021\/01\/1962-e1611940377135-840x1024.jpg 840w, https:\/\/www.shozoshimamoto.org\/wp-content\/uploads\/2021\/01\/1962-e1611940377135-246x300.jpg 246w, https:\/\/www.shozoshimamoto.org\/wp-content\/uploads\/2021\/01\/1962-e1611940377135-768x936.jpg 768w, https:\/\/www.shozoshimamoto.org\/wp-content\/uploads\/2021\/01\/1962-e1611940377135.jpg 930w\" sizes=\"auto, (max-width: 840px) 100vw, 840px\" \/><\/p>\n<p>2022 Shozo Shimamoto Grandi Opere Major Works catalogue, Napoli, Edizioni Morra<br \/>\n2020 Shozo Shimamoto: Across the Borderlands of Art catalogue, Taiwan, Alien Art Centre<br \/>\n2018 Gutai: L\u2019Espace et Le Temps, Beno\u00eet Decron, Yutaka Mino, Mus\u00e9e Soulages Rodez<br \/>\n2017 Shozo Shimamoto: Shozo Shimamoto, Edizioni Morra<br \/>\n2016 Shozo Shimamoto: Do Something Interesting. See Something Old, New York, De Buck Gallery<br \/>\n2016 Shozo Shimamoto Exhibition: Avant-garde shock. Karuizawa: Karuizawa New Art Museum<br \/>\n2016 Shozo Shimamoto, Osaka: Vervoordt<br \/>\n2015 Shozo Shimamoto, Osaka: Vervoordt<br \/>\n2014 Shozo Shimamoto: Between east and west: life matter of art \/ Gabriella Dalesio, Napoli, Edizioni Morra<br \/>\n2014 Zero avantgarde 1965-2013 \/ catalogue curated by Nanda Vigo, Marco Meneguzzo, Cinisello Balsamo, Silvana<br \/>\n2013 Shozo Shimamoto: memorial exhibition: 12 settembre 2013 \/ testo di Romano Gasparotti, Milano, Studio di Giangaleazzo Visconti<br \/>\n2013 AU (part I-III) 1976-2011, [Giappone]<br \/>\n2013 Gutai: splendid playground: [Solomon R. Guggenheim Museum, New York, February 15-March 8, 2013], New York, Solomon R. Guggenheim Foundation<br \/>\n2012 Gutai: the spirit of an era, Tokyo, The National Art Center<br \/>\n2012 Explosi\u00f3!: el llegat de Jackson Pollock, Barcelona, Fundaci\u00f3 Joan Mir\u00f3<br \/>\n2012 From postwar to postmodern: art in Japan 1945-1989 \/ edited by Doryun Chong, New York, Museum of Modern Art<br \/>\n2012 A Visual Essay on Gutay at 32 East 69th Street \/ Midori Nishizawa, New York, Hauser &amp; Wirth<br \/>\n2011 Shozo Shimamoto: kamikaze of colour\/ curated by Massimo Sgroi, Caserta, Nicola Pedana Arte Contemporanea<br \/>\n2011 Shozo Shimamoto: Works 1950-2011: East and West , Torino, Allemandi<br \/>\n2011 A New Perspective Gutai through the Eyes of Fuijno, Tadatoshi, Japan, Koumyakusya<br \/>\n2011 Gutai: decentering modernism \/ Ming Tiampo, Chicago, The University of Chicago<br \/>\n2010 Exhibitions, big meetings, events: settembre 2008 &#8211; dicembre 2009, Genova, Palazzo Ducale Fondazione per la cultura<br \/>\n2010 Art Au Japon: Cin\u00e9ma Japonais, Ikebana, Art Japonais, Architecture Japonaise, Kofun, Gutai, Moronob, [Francia], Livres Groupe<br \/>\n2010 Reiko and 100 Years of Japanese Modern Art: Museum of Modern Art, Kamakura and Hayama x Hyogo Prefectural Museum of Art, Paris; Tokyo, ADAGP; SPDA<br \/>\n2010 Contemporary Art for Zeus Temple in Temples Valley of Agrigento, Roma, Il cigno GG<br \/>\n2010 Gutai: painting by time and space, Cinisello Balsamo, Silvana<br \/>\n2009 Shozo Shimamoto: Nyotaku-Uzumaki<br \/>\n2009 Shozo Shimamoto in One Color Bottle Crash<br \/>\n2009 Target practice: painting under attack, 1949-78 \/ edited by Michael Darling, Seattle, Seattle Art Museum<br \/>\n2008 Shozo Shimamoto \/ Andrea Mardegan, Napoli, Associazione Shozo Shimamoto<br \/>\n2008 Kirin \/ Yozo Ukita, Osaka, Pola Art Foundation<br \/>\n2008 Shozo Shimamoto, Yasuo Sumi, The colours of peace, Pieve di Cento, Magi \u2018900<br \/>\n2008 Shozo Shimamoto: samurai, acrobat of the look 1950-2008 \/ curated by Achille Bonito Oliva, Milano, Skira<br \/>\n2007 Shozo Shimamoto: Action colours 1950-2006, Galleria Pier Giuseppe Carini &amp; Luciano Donatini<br \/>\n2007 Artempo: where time becomes art \/ edited by Axel Vervoordt &amp; Mattijs Visser, Gravenwezel, Axel Vervoordt<br \/>\n2007 Art, anti-art, non-art: experimentations in the public sphere in postwar Japan, 1950-1970 \/ edited. \u2013 Los Angeles, Getty Research Institute<br \/>\n2007 Abstract Expressionism: The International Context \/ edited by Joan Marter, New Brunswick; New Jersey; London, Rutgers University<br \/>\n2005 AU: 30 maggio-14 giugno 2005 \/ curated by Guglielmo di Mauro, Venezia, Poligrafiche San Marco<br \/>\n2004 Shozo Shimamoto: dal Gutai a Proxima 1955-2004: Venezia, C\u00e0 Pesaro, Galleria Internazionale d\u2019arte<br \/>\n2004 What\u2019s Gutai? \/ Hirai Shoichi, [Giappone], Bijutsu Shuppan-Sha<br \/>\n2002 GUTAI: Moments de destruction, moments de beaut\u00e9: Moments of destruction, moments of beauty \/ Yamamoto Atsuo, Blusson<br \/>\n2001 Shozo Shimamoto, Boku wa koshite sekai no yonday atisuto ni natta \/ Giappone, unknown<br \/>\n1999 Shozo Shimamoto: Italian Festival, Colognola ai Colli, Adriano Parise<br \/>\n1999 Gutai: Galerie nationale du Jeu de Paume, Paris, Reunion des mus\u00e9es nationaux<br \/>\n1998 Out of actions: between performance and the object, 1949-1979 \/ with essays by Kristie Stiles, New York, Thames and Hudson<br \/>\n1994 Shozo Shimamoto: Geijutsu towa hito o odorokaseru koto de aru, Giappone<br \/>\n1994 Gutai 1, 2, 3, Ashiya, City Culture Foundation<br \/>\n1993 Int\u00e9rieurs, Rodez, Centre d\u2019art contemporain de Castres<br \/>\n1993 The Gutai Group 1955\/56 \/ Min Nishihara; Akiko Miki, Tokyo, Penrose Institute<br \/>\n1993 Gutai III 1965-1972. \u2013 [Giappone], Ashiya City Museum<br \/>\n1993 Document Gutai 1954-1972, Ashiya, Ashiya City<br \/>\n1992 Gutai I 1954-1958, [Giappone], Ashiya City Museum<br \/>\n1992 AU 1992, Nishinomiya, Yoshitome<br \/>\n1990 Shozo Shimamoto: Shozo Shimamoto Networking, Nishinomiya<br \/>\n1989 Kazuo Shiraga: 3. Nov.- 3. Dec. 1989, Amagasaki, Amagasaki cultural center<br \/>\n1988 AU art unidentified \/ Keiko Kaneko, Nishinomiya, Kitamura<br \/>\n1987 Shozo Shimamoto 3, Giappone<br \/>\n1987 Kazuo Shiraga: 1954 Gutai 1972, Milano: Galleria Milano<br \/>\n1986 Japon des avant gardes: 1910-1970: ex position r\u00e9alis\u00e9e conjointement par le Centre Georges Pompidou, Paris, Centre Pompidou<br \/>\n1985 Jiro Yoshihara and Gutai 1954-1972, Ashiya<br \/>\n1985 Galerie Stadler, 30 ans de rencontres, de recherches, de partis pris: 1955-1985, Paris \/ [Marcel Cohen], Paris, Le Galerie<br \/>\n1981 Shozo Shimamoto \/ Shozo Shimamoto, Osaka, Japan Art Press Center<br \/>\n1981 The 1950s: Gloom and Shafts of Light, Tokyo, Metropolitan Art Museum<br \/>\n1979 AU artist: Art Unidentified, [Giappone]<br \/>\n1966 The New Japanese painting and sculpture \/ an exhibition selected by Dorothy C. Miller and William S, New York, Museum of modern art distributed by Doubleday &amp; Co.<br \/>\n1958 Guggenheim international award 1958 \/ testo di J. Johnson Sweeney, New York, The Solomon R. Guggenheim Museum<br \/>\n1953 Exhibition of Japanese painting and sculpture, Washington National Gallery of Art<\/p>\n","protected":false},"excerpt":{"rendered":"<p>2022 Shozo Shimamoto Grandi Opere Major Works catalogue, Napoli, Edizioni Morra 2020 Shozo Shimamoto: Across the Borderlands of Art catalogue, Taiwan, Alien Art Centre 2018 Gutai: L\u2019Espace et Le Temps, Beno\u00eet Decron, Yutaka Mino, Mus\u00e9e Soulages Rodez 2017 Shozo Shimamoto: Shozo Shimamoto, Edizioni Morra 2016 Shozo Shimamoto: Do Something Interesting. See Something Old, New York,<a class=\"excerpt-read-more\" href=\"https:\/\/www.shozoshimamoto.org\/en\/bibliography\/\" title=\"ReadBibliography\">&#8230; Read more &raquo;<\/a><\/p>\n","protected":false},"author":1,"featured_media":0,"parent":0,"menu_order":0,"comment_status":"closed","ping_status":"closed","template":"","meta":{"_acf_changed":false,"footnotes":""},"class_list":["post-855","page","type-page","status-publish","hentry"],"acf":[],"_links":{"self":[{"href":"https:\/\/www.shozoshimamoto.org\/en\/wp-json\/wp\/v2\/pages\/855","targetHints":{"allow":["GET"]}}],"collection":[{"href":"https:\/\/www.shozoshimamoto.org\/en\/wp-json\/wp\/v2\/pages"}],"about":[{"href":"https:\/\/www.shozoshimamoto.org\/en\/wp-json\/wp\/v2\/types\/page"}],"author":[{"embeddable":true,"href":"https:\/\/www.shozoshimamoto.org\/en\/wp-json\/wp\/v2\/users\/1"}],"replies":[{"embeddable":true,"href":"https:\/\/www.shozoshimamoto.org\/en\/wp-json\/wp\/v2\/comments?post=855"}],"version-history":[{"count":9,"href":"https:\/\/www.shozoshimamoto.org\/en\/wp-json\/wp\/v2\/pages\/855\/revisions"}],"predecessor-version":[{"id":2991,"href":"https:\/\/www.shozoshimamoto.org\/en\/wp-json\/wp\/v2\/pages\/855\/revisions\/2991"}],"wp:attachment":[{"href":"https:\/\/www.shozoshimamoto.org\/en\/wp-json\/wp\/v2\/media?parent=855"}],"curies":[{"name":"wp","href":"https:\/\/api.w.org\/{rel}","templated":true}]}}